{"id":369,"date":"2022-03-16T13:35:09","date_gmt":"2022-03-16T12:35:09","guid":{"rendered":"https:\/\/input.di.unisa.it\/?page_id=369"},"modified":"2022-03-16T21:51:11","modified_gmt":"2022-03-16T20:51:11","slug":"unisaorienta-2020","status":"publish","type":"page","link":"https:\/\/input.di.unisa.it\/index.php\/unisaorienta-2020\/","title":{"rendered":"UNISAORIENTA 2022"},"content":{"rendered":"\n<p>All&#8217;interno dell&#8217;UNISAOrienta 2022 in tour nei Dipartimenti, gli studenti potranno finalmente vedere e vivere gli spazi del campus di Fisciano e visitare il nostro dipartimento, e tutto ci\u00f2 in ben 4 date di OPEN DAY.<br>Durante questi Open Day, sar\u00e0 possibile ottenere informazioni sull&#8217;offerta formativa del corso di Laurea, vedere quali argomenti (attraverso dimostrazioni reali) vengono affrontati nei nostri corsi di studio (Gamification, Simulazioni, Serious Game, Computer Vision, Robotica, Intelligenza Artificiale, Cyber Security e molto altro ancora).<\/p>\n\n\n\n<p>Si parler\u00e0 di Gender gap, di esperienze Erasmus, della vita nel Campus universitario, soprattutto attraverso le parole dei nostri studenti iscritti, i pi\u00f9 vicini ai ragazzi che si apprestano a decidere il proprio futuro.<\/p>\n\n\n\n<p>Verranno infine presentati i servizi di contesto: le biblioteche, Il centro Linguistico di Ateneo, Il CUS (Centro Universitario Sportivo), l&#8217;Ufficio Erasmus, l&#8217;Ufficio Diritto allo Studio.<\/p>\n\n\n\n<p>Le date disponibili sono 4: 21 Marzo e 22 Marzo, 21 Aprile e 22 di Aprile, tutte in orario pomeridiano, dalle 14:30 alle 16:30 (con partenza delle attivit\u00e0 alle 15:00).<\/p>\n\n\n\n<p>Per informazioni andare alla pagina del CAOT (Centro di Ateneo per l&#8217;Orientamento ed il Tutorato): <a rel=\"noreferrer noopener\" href=\"https:\/\/www.orientamento.unisa.it\/home\/iniziative-attivita?id=805\" target=\"_blank\">https:\/\/www.orientamento.unisa.it\/home\/iniziative-attivita?id=805<\/a> mentre ogni singolo studente dovr\u00e0 compilare un form all&#8217;indirizzo <a rel=\"noreferrer noopener\" href=\"https:\/\/www.orientamento.unisa.it\/iscrizione-eventi-unisaorienta\" target=\"_blank\">https:\/\/www.orientamento.unisa.it\/iscrizione-eventi-unisaorienta<\/a><\/p>\n\n\n\n<p><strong>NB<\/strong>: non sar\u00e0 possibile iscrivere una intera classe, ogni studente dovr\u00e0 iscriversi singolarmente per ricevere poi via mail il QRcode per l&#8217;ingresso.<br>Viste le limitazioni COVID ancora valide, possiamo ammettere per ciascuna data un numero massimo di 160 studenti. Pertanto pi\u00f9 velocemente ci si appresta ad effettuare la prenotazione, pi\u00f9 possibilit\u00e0 ci saranno di trovare spazi disponibili.<\/p>\n","protected":false},"excerpt":{"rendered":"<p>All&#8217;interno dell&#8217;UNISAOrienta 2022 in tour nei Dipartimenti, gli studenti potranno finalmente vedere e vivere gli spazi del campus di Fisciano e visitare il nostro dipartimento, e tutto ci\u00f2 in ben [&hellip;]<\/p>\n","protected":false},"author":1,"featured_media":0,"parent":0,"menu_order":0,"comment_status":"closed","ping_status":"closed","template":"","meta":{"footnotes":""},"class_list":["post-369","page","type-page","status-publish","hentry"],"_links":{"self":[{"href":"https:\/\/input.di.unisa.it\/index.php\/wp-json\/wp\/v2\/pages\/369","targetHints":{"allow":["GET"]}}],"collection":[{"href":"https:\/\/input.di.unisa.it\/index.php\/wp-json\/wp\/v2\/pages"}],"about":[{"href":"https:\/\/input.di.unisa.it\/index.php\/wp-json\/wp\/v2\/types\/page"}],"author":[{"embeddable":true,"href":"https:\/\/input.di.unisa.it\/index.php\/wp-json\/wp\/v2\/users\/1"}],"replies":[{"embeddable":true,"href":"https:\/\/input.di.unisa.it\/index.php\/wp-json\/wp\/v2\/comments?post=369"}],"version-history":[{"count":5,"href":"https:\/\/input.di.unisa.it\/index.php\/wp-json\/wp\/v2\/pages\/369\/revisions"}],"predecessor-version":[{"id":392,"href":"https:\/\/input.di.unisa.it\/index.php\/wp-json\/wp\/v2\/pages\/369\/revisions\/392"}],"wp:attachment":[{"href":"https:\/\/input.di.unisa.it\/index.php\/wp-json\/wp\/v2\/media?parent=369"}],"curies":[{"name":"wp","href":"https:\/\/api.w.org\/{rel}","templated":true}]}}